{"id":55,"date":"2022-07-31T11:16:59","date_gmt":"2022-07-31T11:16:59","guid":{"rendered":"http:\/\/www.conermann.com\/?page_id=55"},"modified":"2022-07-31T11:17:00","modified_gmt":"2022-07-31T11:17:00","slug":"impressum","status":"publish","type":"page","link":"https:\/\/www.conermann.com\/?page_id=55","title":{"rendered":"Impressum"},"content":{"rendered":"\n<p><strong>Impressum<br><br><\/strong>Die Homepage&nbsp;www.conermann.com&nbsp; ist ein privater Blog.<\/p>\n\n\n\n<p>Verantwortlich nach \u00a7 6 TDG, Gestaltung und Ausf\u00fchrung:<\/p>\n\n\n\n<p><strong>Karl-Heinz Conermann<\/strong><\/p>\n\n\n\n<p><strong>Wadelheimer Chaussee 87<\/strong><\/p>\n\n\n\n<p><strong>48431 Rheine<\/strong><\/p>\n\n\n\n<p><strong>Tel. 05971\/13984<\/strong><\/p>\n\n\n\n<p>E-Mail: k-h.c att web.de<\/p>\n\n\n\n<p><strong>Rechtliches<\/strong><\/p>\n\n\n\n<p>Die Internet-Seiten wurden mit gr\u00f6\u00dftm\u00f6glicher Sorgfalt zusammengestellt. Trotzdem kann die Fehlerfreiheit und Genauigkeit der enthaltenen Informationen nicht garantiert werden. Der Betreiber schlie\u00dft jegliche Haftung f\u00fcr Sch\u00e4den die direkt oder indirekt aus der Benutzung dieser Internet-Seiten entstehen aus, soweit diese nicht auf Vorsatz oder grober Fahrl\u00e4ssigkeit des Betreibers beruhen. Haftungsanspr\u00fcche gegen den Betreiber der Webseiten, welche sich auf Sch\u00e4den materieller und ideeller Art beziehen, die durch die Nutzung oder Nichtnutzung der dargebotenen Informationen verursacht wurden, sind grunds\u00e4tzlich ausgeschlossen, sofern kein nachweislich vors\u00e4tzliches oder grob fahrl\u00e4ssiges Verschulden vorliegt. Der Besucher dieser Internet-Seiten verzichtet in jedem Fall auf alle Anspr\u00fcche gegen den Betreiber.<\/p>\n\n\n\n<p>Alle hier verwendeten Namen, Begriffe, Zeichen und Grafiken k\u00f6nnen Marken- oder Warenzeichen im Besitze ihrer rechtlichen Eigent\u00fcmer sein. Die Rechte aller erw\u00e4hnten und benutzten Marken- und Warenzeichen liegen ausschlie\u00dflich bei deren Besitzern.<\/p>\n\n\n\n<p>Der Betreiber beh\u00e4lt es sich vor, Teile der Seiten oder das gesamte Angebot ohne gesonderte Ank\u00fcndigung zu ver\u00e4ndern, zu erg\u00e4nzen, zu l\u00f6schen oder die Ver\u00f6ffentlichung zeitweise und endg\u00fcltig einzustellen. Eine Haftung ergibt sich daraus nicht.<\/p>\n\n\n\n<p>Kostenlos bereitgestellte Leistungen sind eine freiwillige Leistung des Betreibers, auf die zu keiner Zeit ein Rechtsanspruch besteht und die jederzeit eingestellt werden k\u00f6nnen.<\/p>\n\n\n\n<p>F\u00fcr unverlangt eingesandte Unterlagen und Manuskripte wird weder gehaftet, noch besteht ein Anspruch auf Ver\u00f6ffentlichung.<\/p>\n\n\n\n<p><strong>Links<\/strong><\/p>\n\n\n\n<p>Ich habe Links zu anderen Seiten nur deshalb eingef\u00fcgt, weil mir die Inhalte oder das Layout besonders gefallen haben.<\/p>\n\n\n\n<p>Alle Inhalte stellen im Zweifelsfall die pers\u00f6nliche Meinung des Betreibers bzw. der jeweiligen Autoren dar. F\u00fcr den Inhalt der Seiten, auf die hier \u00fcber eine Verlinkung (URL) verwiesen wird ist der jeweilige Autor verantwortlich. Er stellt den Betreiber im Innenverh\u00e4ltnis von etwaigen Anspr\u00fcchen Dritter mit der Anmeldung seiner Internet-Seiten frei.<\/p>\n\n\n\n<p>Die Seiten enthielten zur Zeit der Linksetzung keine rechtswidrigen Inhalte. Sollte sich auf meinen Seiten ein Link zu einer externen Seite befinden, auf der von dritter Seite rechtswidrige Inhalte verbreitet werden, so werde ich auf einen entsprechenden Hinweis hin den Link zu einer derartigen Seite entfernen. \u00dcber einen solchen Hinweis von ihnen w\u00fcrde ich mich freuen.<\/p>\n\n\n\n<p><strong>Besucherstatistik<\/strong><\/p>\n\n\n\n<p>Wenn sie auf meine Websites zugreifen, werden automatisch (also nicht \u00fcber eine Registrierung) Informationen gesammelt, die nicht einer bestimmten Person zugeordnet sind (z.B. verwendeter Internet-Browser und Betriebssystem; Domain-Name der Website, von der Sie kamen; Anzahl der Besuche; durchschnittliche Verweilzeit; aufgerufene Seiten). Ich verwende diese Informationen, um die Attraktivit\u00e4t meiner Websites zu ermitteln und deren Leistungsf\u00e4higkeit und Inhalte zu verbessern.<\/p>\n\n\n\n<p>In den automatischen Serverstatistiken werden solche Daten gespeichert, die vom Browser \u00fcbermittelt werden. Dies sind z.B.:<\/p>\n\n\n\n<ul class=\"wp-block-list\"><li>Name der abgerufenen Datei<\/li><li>Suchbegriffe (bei Weiterleitung von einer Suchmaschine)<\/li><li>Browsertyp und -version<\/li><li>verwendetes Betriebssystem<\/li><li>Referrer URL (die zuvor besuchte Seite)<\/li><li>IP-Adresse<\/li><li>Uhrzeit der Serveranfrage<\/li><\/ul>\n\n\n\n<p>Diese Daten erlauben keine direkten R\u00fcckschl\u00fcsse auf Ihre tats\u00e4chliche Person und Identit\u00e4t. Diese Daten werden von meinem Webhoster erfasst und gespeichert. Auf die Speicherung und L\u00f6schung habe ich keinen Einfluss.<\/p>\n","protected":false},"excerpt":{"rendered":"<p>Impressum Die Homepage&nbsp;www.conermann.com&nbsp; ist ein privater Blog. Verantwortlich nach \u00a7 6 TDG, Gestaltung und Ausf\u00fchrung: Karl-Heinz Conermann Wadelheimer Chaussee 87 48431 Rheine Tel. 05971\/13984 E-Mail: k-h.c att web.de Rechtliches Die Internet-Seiten wurden mit gr\u00f6\u00dftm\u00f6glicher Sorgfalt zusammengestellt. Trotzdem kann die Fehlerfreiheit und Genauigkeit der enthaltenen Informationen &hellip; <a href=\"https:\/\/www.conermann.com\/?page_id=55\" class=\"more-link\"><span>Continue reading<span class=\"screen-reader-text\">Impressum<\/span><\/span><\/a><\/p>\n","protected":false},"author":1,"featured_media":0,"parent":0,"menu_order":0,"comment_status":"closed","ping_status":"closed","template":"","meta":{"footnotes":""},"class_list":["post-55","page","type-page","status-publish","hentry"],"yoast_head":"<!-- This site is optimized with the Yoast SEO plugin v24.2 - https:\/\/yoast.com\/wordpress\/plugins\/seo\/ -->\n<title>Impressum - Foto Blog zu den Themen Natur, Eisenbahn und Rheine<\/title>\n<meta name=\"robots\" content=\"index, follow, max-snippet:-1, max-image-preview:large, max-video-preview:-1\" \/>\n<link rel=\"canonical\" href=\"https:\/\/www.conermann.com\/?page_id=55\" \/>\n<meta property=\"og:locale\" content=\"de_DE\" \/>\n<meta property=\"og:type\" content=\"article\" \/>\n<meta property=\"og:title\" content=\"Impressum - Foto Blog zu den Themen Natur, Eisenbahn und Rheine\" \/>\n<meta property=\"og:description\" content=\"Impressum Die Homepage&nbsp;www.conermann.com&nbsp; ist ein privater Blog. Verantwortlich nach \u00a7 6 TDG, Gestaltung und Ausf\u00fchrung: Karl-Heinz Conermann Wadelheimer Chaussee 87 48431 Rheine Tel. 05971\/13984 E-Mail: k-h.c att web.de Rechtliches Die Internet-Seiten wurden mit gr\u00f6\u00dftm\u00f6glicher Sorgfalt zusammengestellt. Trotzdem kann die Fehlerfreiheit und Genauigkeit der enthaltenen Informationen &hellip; Continue readingImpressum\" \/>\n<meta property=\"og:url\" content=\"https:\/\/www.conermann.com\/?page_id=55\" \/>\n<meta property=\"og:site_name\" content=\"Foto Blog zu den Themen Natur, Eisenbahn und Rheine\" \/>\n<meta property=\"article:modified_time\" content=\"2022-07-31T11:17:00+00:00\" \/>\n<meta name=\"twitter:card\" content=\"summary_large_image\" \/>\n<meta name=\"twitter:label1\" content=\"Gesch\u00e4tzte Lesezeit\" \/>\n\t<meta name=\"twitter:data1\" content=\"3\u00a0Minuten\" \/>\n<script type=\"application\/ld+json\" class=\"yoast-schema-graph\">{\"@context\":\"https:\/\/schema.org\",\"@graph\":[{\"@type\":\"WebPage\",\"@id\":\"https:\/\/www.conermann.com\/?page_id=55\",\"url\":\"https:\/\/www.conermann.com\/?page_id=55\",\"name\":\"Impressum - Foto Blog zu den Themen Natur, Eisenbahn und Rheine\",\"isPartOf\":{\"@id\":\"https:\/\/www.conermann.com\/#website\"},\"datePublished\":\"2022-07-31T11:16:59+00:00\",\"dateModified\":\"2022-07-31T11:17:00+00:00\",\"breadcrumb\":{\"@id\":\"https:\/\/www.conermann.com\/?page_id=55#breadcrumb\"},\"inLanguage\":\"de\",\"potentialAction\":[{\"@type\":\"ReadAction\",\"target\":[\"https:\/\/www.conermann.com\/?page_id=55\"]}]},{\"@type\":\"BreadcrumbList\",\"@id\":\"https:\/\/www.conermann.com\/?page_id=55#breadcrumb\",\"itemListElement\":[{\"@type\":\"ListItem\",\"position\":1,\"name\":\"Startseite\",\"item\":\"https:\/\/www.conermann.com\/\"},{\"@type\":\"ListItem\",\"position\":2,\"name\":\"Impressum\"}]},{\"@type\":\"WebSite\",\"@id\":\"https:\/\/www.conermann.com\/#website\",\"url\":\"https:\/\/www.conermann.com\/\",\"name\":\"Foto Blog zu den Themen Natur, Eisenbahn und Rheine\",\"description\":\"\",\"potentialAction\":[{\"@type\":\"SearchAction\",\"target\":{\"@type\":\"EntryPoint\",\"urlTemplate\":\"https:\/\/www.conermann.com\/?s={search_term_string}\"},\"query-input\":{\"@type\":\"PropertyValueSpecification\",\"valueRequired\":true,\"valueName\":\"search_term_string\"}}],\"inLanguage\":\"de\"}]}<\/script>\n<!-- \/ Yoast SEO plugin. -->","yoast_head_json":{"title":"Impressum - Foto Blog zu den Themen Natur, Eisenbahn und Rheine","robots":{"index":"index","follow":"follow","max-snippet":"max-snippet:-1","max-image-preview":"max-image-preview:large","max-video-preview":"max-video-preview:-1"},"canonical":"https:\/\/www.conermann.com\/?page_id=55","og_locale":"de_DE","og_type":"article","og_title":"Impressum - Foto Blog zu den Themen Natur, Eisenbahn und Rheine","og_description":"Impressum Die Homepage&nbsp;www.conermann.com&nbsp; ist ein privater Blog. Verantwortlich nach \u00a7 6 TDG, Gestaltung und Ausf\u00fchrung: Karl-Heinz Conermann Wadelheimer Chaussee 87 48431 Rheine Tel. 05971\/13984 E-Mail: k-h.c att web.de Rechtliches Die Internet-Seiten wurden mit gr\u00f6\u00dftm\u00f6glicher Sorgfalt zusammengestellt. Trotzdem kann die Fehlerfreiheit und Genauigkeit der enthaltenen Informationen &hellip; Continue readingImpressum","og_url":"https:\/\/www.conermann.com\/?page_id=55","og_site_name":"Foto Blog zu den Themen Natur, Eisenbahn und Rheine","article_modified_time":"2022-07-31T11:17:00+00:00","twitter_card":"summary_large_image","twitter_misc":{"Gesch\u00e4tzte Lesezeit":"3\u00a0Minuten"},"schema":{"@context":"https:\/\/schema.org","@graph":[{"@type":"WebPage","@id":"https:\/\/www.conermann.com\/?page_id=55","url":"https:\/\/www.conermann.com\/?page_id=55","name":"Impressum - Foto Blog zu den Themen Natur, Eisenbahn und Rheine","isPartOf":{"@id":"https:\/\/www.conermann.com\/#website"},"datePublished":"2022-07-31T11:16:59+00:00","dateModified":"2022-07-31T11:17:00+00:00","breadcrumb":{"@id":"https:\/\/www.conermann.com\/?page_id=55#breadcrumb"},"inLanguage":"de","potentialAction":[{"@type":"ReadAction","target":["https:\/\/www.conermann.com\/?page_id=55"]}]},{"@type":"BreadcrumbList","@id":"https:\/\/www.conermann.com\/?page_id=55#breadcrumb","itemListElement":[{"@type":"ListItem","position":1,"name":"Startseite","item":"https:\/\/www.conermann.com\/"},{"@type":"ListItem","position":2,"name":"Impressum"}]},{"@type":"WebSite","@id":"https:\/\/www.conermann.com\/#website","url":"https:\/\/www.conermann.com\/","name":"Foto Blog zu den Themen Natur, Eisenbahn und Rheine","description":"","potentialAction":[{"@type":"SearchAction","target":{"@type":"EntryPoint","urlTemplate":"https:\/\/www.conermann.com\/?s={search_term_string}"},"query-input":{"@type":"PropertyValueSpecification","valueRequired":true,"valueName":"search_term_string"}}],"inLanguage":"de"}]}},"_links":{"self":[{"href":"https:\/\/www.conermann.com\/index.php?rest_route=\/wp\/v2\/pages\/55","targetHints":{"allow":["GET"]}}],"collection":[{"href":"https:\/\/www.conermann.com\/index.php?rest_route=\/wp\/v2\/pages"}],"about":[{"href":"https:\/\/www.conermann.com\/index.php?rest_route=\/wp\/v2\/types\/page"}],"author":[{"embeddable":true,"href":"https:\/\/www.conermann.com\/index.php?rest_route=\/wp\/v2\/users\/1"}],"replies":[{"embeddable":true,"href":"https:\/\/www.conermann.com\/index.php?rest_route=%2Fwp%2Fv2%2Fcomments&post=55"}],"version-history":[{"count":1,"href":"https:\/\/www.conermann.com\/index.php?rest_route=\/wp\/v2\/pages\/55\/revisions"}],"predecessor-version":[{"id":56,"href":"https:\/\/www.conermann.com\/index.php?rest_route=\/wp\/v2\/pages\/55\/revisions\/56"}],"wp:attachment":[{"href":"https:\/\/www.conermann.com\/index.php?rest_route=%2Fwp%2Fv2%2Fmedia&parent=55"}],"curies":[{"name":"wp","href":"https:\/\/api.w.org\/{rel}","templated":true}]}}